{"id":7347,"date":"2023-03-17T07:04:33","date_gmt":"2023-03-17T07:04:33","guid":{"rendered":"https:\/\/developer.wordpress-developer.us\/disagro-cr\/?post_type=product&#038;p=7347"},"modified":"2023-03-17T07:07:45","modified_gmt":"2023-03-17T07:07:45","slug":"nitro-xtend-46-n","status":"publish","type":"product","link":"https:\/\/developer.wordpress-developer.us\/disagro-cr\/product\/nitro-xtend-46-n\/","title":{"rendered":"NITRO XTEND\u00ae 46 N"},"content":{"rendered":"<p><strong class=\"texto-1\">Caracter\u00edsticas<\/strong><br \/>\nEl nitr\u00f3geno es fundamental en las fases de activo crecimiento vegetativo, permitiendo al cultivo desarrollarse de buena manera.<\/p>\n<p><strong class=\"texto-1\">Beneficios<\/strong><\/p>\n<ul>\n<li>El nitr\u00f3geno de este producto est\u00e1 estabilizado para evitar las p\u00e9rdidas por volatilizaci\u00f3n.<\/li>\n<li>Esto permite un mejor aprovechamiento del nutriente que se traduce en un aumento en el rendimiento.<\/li>\n<li>Al tratarse de un nitr\u00f3geno protegido contra la volatilizaci\u00f3n, no necesita ser incorporado al suelo.<\/li>\n<\/ul>\n<p><strong class=\"texto-1\"><br \/>\nRecomendaciones de uso<br \/>\n<\/strong>Se recomienda aplicar sobre la superficie del suelo, no necesita incorporarse.<\/p>\n<p>Dosis<\/p>\n<ul>\n<li>300 &#8211; 500 lb\/mz<\/li>\n<li>190 &#8211; 320 kg\/ha<\/li>\n<\/ul>\n","protected":false},"excerpt":{"rendered":"<p>Fertilizante con nitr\u00f3geno estabilizado de uso al suelo.<\/p>\n","protected":false},"featured_media":7352,"comment_status":"open","ping_status":"closed","template":"","meta":[],"product_brand":[],"product_cat":[78,100],"product_tag":[],"class_list":{"0":"post-7347","1":"product","2":"type-product","3":"status-publish","4":"has-post-thumbnail","6":"product_cat-nutricion-de-cultivos","7":"product_cat-nitro-xtend-nutricion-de-cultivos","9":"first","10":"instock","11":"virtual","12":"product-type-simple"},"acf":[],"_links":{"self":[{"href":"https:\/\/developer.wordpress-developer.us\/disagro-cr\/wp-json\/wp\/v2\/product\/7347","targetHints":{"allow":["GET"]}}],"collection":[{"href":"https:\/\/developer.wordpress-developer.us\/disagro-cr\/wp-json\/wp\/v2\/product"}],"about":[{"href":"https:\/\/developer.wordpress-developer.us\/disagro-cr\/wp-json\/wp\/v2\/types\/product"}],"replies":[{"embeddable":true,"href":"https:\/\/developer.wordpress-developer.us\/disagro-cr\/wp-json\/wp\/v2\/comments?post=7347"}],"wp:featuredmedia":[{"embeddable":true,"href":"https:\/\/developer.wordpress-developer.us\/disagro-cr\/wp-json\/wp\/v2\/media\/7352"}],"wp:attachment":[{"href":"https:\/\/developer.wordpress-developer.us\/disagro-cr\/wp-json\/wp\/v2\/media?parent=7347"}],"wp:term":[{"taxonomy":"product_brand","embeddable":true,"href":"https:\/\/developer.wordpress-developer.us\/disagro-cr\/wp-json\/wp\/v2\/product_brand?post=7347"},{"taxonomy":"product_cat","embeddable":true,"href":"https:\/\/developer.wordpress-developer.us\/disagro-cr\/wp-json\/wp\/v2\/product_cat?post=7347"},{"taxonomy":"product_tag","embeddable":true,"href":"https:\/\/developer.wordpress-developer.us\/disagro-cr\/wp-json\/wp\/v2\/product_tag?post=7347"}],"curies":[{"name":"wp","href":"https:\/\/api.w.org\/{rel}","templated":true}]}}