{"id":7409,"date":"2023-03-17T07:41:47","date_gmt":"2023-03-17T07:41:47","guid":{"rendered":"https:\/\/developer.wordpress-developer.us\/disagro-cr\/?post_type=product&#038;p=7409"},"modified":"2023-03-17T07:43:26","modified_gmt":"2023-03-17T07:43:26","slug":"dimfo","status":"publish","type":"product","link":"https:\/\/developer.wordpress-developer.us\/disagro-cr\/product\/dimfo\/","title":{"rendered":"Dimfo\u00ae"},"content":{"rendered":"<p><strong class=\"texto-1\">Caracter\u00edsticas<\/strong><br \/>\nEs un fungicida sist\u00e9mico a base de dimethomorph y mancozeb 690. Pertenece a la familia de las morfolinas y carbamatos. Dimethomorph act\u00faa bloquenado todas las fases que intervienen en la formulaci\u00f3n del tubo germinativo y de los haustorios. Mancozeb induce inhibici\u00f3n enzim\u00e1tica m\u00faltiple, afecta a la respiraci\u00f3n celular, inactiva grupos sulfidros. Con formulaci\u00f3n de polvo mojable (WP).<\/p>\n<p><strong class=\"texto-1\">Beneficios<\/strong><\/p>\n<ul>\n<li>Doble mecanismo de acci\u00f3n para minimizar el riesgo de resistencia del pat\u00f3geno hacia el producto.<\/li>\n<li>Act\u00faa de forma preventiva y curativa.<\/li>\n<li>Brinda un efecto antiesporulante.<\/li>\n<\/ul>\n<p><strong class=\"texto-1\"><br \/>\nRecomendaciones de uso<\/strong><\/p>\n<ul>\n<li>Para la preparaci\u00f3n de la mezcla se recomienda utilizar agua con pH 6 &#8211; 7.<\/li>\n<li>Realizar la aplicaci\u00f3n con incidencia menor al 10% de la enfermedad.<\/li>\n<li>Para una mejor aplicaci\u00f3n utilizar Disawet 90 a una dosis de 1-3 cc\/L.<\/li>\n<li>Utilizar un volumen de mezcla de 265 L\/mz.<\/li>\n<li>Para mayor informaci\u00f3n consultar ficha t\u00e9cnica.<\/li>\n<\/ul>\n<p>&nbsp;<\/p>\n<p><strong>Dosis:\u00a0<\/strong>\u00a01.5 kg\/ha o 1 kg\/mz<\/p>\n","protected":false},"excerpt":{"rendered":"<p>Es un fungicida sist\u00e9mico a base de dimethomorph y mancozeb para el control de tiz\u00f3n tard\u00edo.<\/p>\n","protected":false},"featured_media":7414,"comment_status":"open","ping_status":"closed","template":"","meta":[],"product_brand":[],"product_cat":[79,95],"product_tag":[],"class_list":{"0":"post-7409","1":"product","2":"type-product","3":"status-publish","4":"has-post-thumbnail","6":"product_cat-proteccion-de-cultivos","7":"product_cat-fungicidas-proteccion-de-cultivos","9":"first","10":"instock","11":"virtual","12":"product-type-simple"},"acf":[],"_links":{"self":[{"href":"https:\/\/developer.wordpress-developer.us\/disagro-cr\/wp-json\/wp\/v2\/product\/7409","targetHints":{"allow":["GET"]}}],"collection":[{"href":"https:\/\/developer.wordpress-developer.us\/disagro-cr\/wp-json\/wp\/v2\/product"}],"about":[{"href":"https:\/\/developer.wordpress-developer.us\/disagro-cr\/wp-json\/wp\/v2\/types\/product"}],"replies":[{"embeddable":true,"href":"https:\/\/developer.wordpress-developer.us\/disagro-cr\/wp-json\/wp\/v2\/comments?post=7409"}],"wp:featuredmedia":[{"embeddable":true,"href":"https:\/\/developer.wordpress-developer.us\/disagro-cr\/wp-json\/wp\/v2\/media\/7414"}],"wp:attachment":[{"href":"https:\/\/developer.wordpress-developer.us\/disagro-cr\/wp-json\/wp\/v2\/media?parent=7409"}],"wp:term":[{"taxonomy":"product_brand","embeddable":true,"href":"https:\/\/developer.wordpress-developer.us\/disagro-cr\/wp-json\/wp\/v2\/product_brand?post=7409"},{"taxonomy":"product_cat","embeddable":true,"href":"https:\/\/developer.wordpress-developer.us\/disagro-cr\/wp-json\/wp\/v2\/product_cat?post=7409"},{"taxonomy":"product_tag","embeddable":true,"href":"https:\/\/developer.wordpress-developer.us\/disagro-cr\/wp-json\/wp\/v2\/product_tag?post=7409"}],"curies":[{"name":"wp","href":"https:\/\/api.w.org\/{rel}","templated":true}]}}