{"id":7422,"date":"2023-03-17T07:46:53","date_gmt":"2023-03-17T07:46:53","guid":{"rendered":"https:\/\/developer.wordpress-developer.us\/disagro-cr\/?post_type=product&#038;p=7422"},"modified":"2023-03-17T07:51:22","modified_gmt":"2023-03-17T07:51:22","slug":"duster","status":"publish","type":"product","link":"https:\/\/developer.wordpress-developer.us\/disagro-cr\/product\/duster\/","title":{"rendered":"Duster\u00ae"},"content":{"rendered":"<p><strong class=\"texto-1\">Caracter\u00edsticas<\/strong><br \/>\nEs un herbicida sist\u00e9mico a base de ametrina 500 g\/L. Pertenece a la familia de las triazinas. Es absorbido por las hojas y ra\u00edces con translocaci\u00f3n acropetalica v\u00eda xilema. Con formulaci\u00f3n de suspensi\u00f3n concentrada (SC).<\/p>\n<p><strong class=\"texto-1\">Beneficios<\/strong><\/p>\n<ul>\n<li>Formulaci\u00f3n liquida facil de dosificar.<\/li>\n<li>No es fitot\u00f3xico si se aplica en las dosis y cultivos recomendados.<\/li>\n<\/ul>\n<p><strong class=\"texto-1\"><br \/>\nRecomendaciones de uso<\/strong><\/p>\n<ul>\n<li>Para la preparaci\u00f3n de la mezcla se recomienda utilizar agua con pH 5.5 &#8211; 6.5.<\/li>\n<li>Aplicar en postemergencia temprana a la maleza (dos hojas verdaderas) con suficiente humedad en el suelo.<\/li>\n<li>Para mayor informaci\u00f3n consultar ficha t\u00e9cnica.<\/li>\n<\/ul>\n<p>&nbsp;<\/p>\n<p><strong>Dosis:\u00a0<\/strong>\u00a03.0 &#8211; 8.0L\/ha o 2.1 &#8211; 5.6L\/mz<\/p>\n","protected":false},"excerpt":{"rendered":"<p>Es un herbicida sist\u00e9mico selectivo pre y postemergente sist\u00e9mico a base de ametrina para el control de malezas gram\u00edneas y hojas anchas.<\/p>\n","protected":false},"featured_media":7430,"comment_status":"open","ping_status":"closed","template":"","meta":[],"product_brand":[],"product_cat":[79,96],"product_tag":[],"class_list":{"0":"post-7422","1":"product","2":"type-product","3":"status-publish","4":"has-post-thumbnail","6":"product_cat-proteccion-de-cultivos","7":"product_cat-herbicidas-proteccion-de-cultivos","9":"first","10":"instock","11":"virtual","12":"product-type-simple"},"acf":[],"_links":{"self":[{"href":"https:\/\/developer.wordpress-developer.us\/disagro-cr\/wp-json\/wp\/v2\/product\/7422","targetHints":{"allow":["GET"]}}],"collection":[{"href":"https:\/\/developer.wordpress-developer.us\/disagro-cr\/wp-json\/wp\/v2\/product"}],"about":[{"href":"https:\/\/developer.wordpress-developer.us\/disagro-cr\/wp-json\/wp\/v2\/types\/product"}],"replies":[{"embeddable":true,"href":"https:\/\/developer.wordpress-developer.us\/disagro-cr\/wp-json\/wp\/v2\/comments?post=7422"}],"wp:featuredmedia":[{"embeddable":true,"href":"https:\/\/developer.wordpress-developer.us\/disagro-cr\/wp-json\/wp\/v2\/media\/7430"}],"wp:attachment":[{"href":"https:\/\/developer.wordpress-developer.us\/disagro-cr\/wp-json\/wp\/v2\/media?parent=7422"}],"wp:term":[{"taxonomy":"product_brand","embeddable":true,"href":"https:\/\/developer.wordpress-developer.us\/disagro-cr\/wp-json\/wp\/v2\/product_brand?post=7422"},{"taxonomy":"product_cat","embeddable":true,"href":"https:\/\/developer.wordpress-developer.us\/disagro-cr\/wp-json\/wp\/v2\/product_cat?post=7422"},{"taxonomy":"product_tag","embeddable":true,"href":"https:\/\/developer.wordpress-developer.us\/disagro-cr\/wp-json\/wp\/v2\/product_tag?post=7422"}],"curies":[{"name":"wp","href":"https:\/\/api.w.org\/{rel}","templated":true}]}}