{"id":7423,"date":"2023-03-17T07:46:54","date_gmt":"2023-03-17T07:46:54","guid":{"rendered":"https:\/\/developer.wordpress-developer.us\/disagro-cr\/?post_type=product&#038;p=7423"},"modified":"2023-03-17T07:50:15","modified_gmt":"2023-03-17T07:50:15","slug":"agente","status":"publish","type":"product","link":"https:\/\/developer.wordpress-developer.us\/disagro-cr\/product\/agente\/","title":{"rendered":"Agente\u00ae"},"content":{"rendered":"<p><strong class=\"texto-1\">Caracter\u00edsticas<\/strong><br \/>\nEs un herbicida sist\u00e9mico no selectivo a base de glifosato 360 g\/L. Pertenece a la familia de los fosf\u00f3nicos. Act\u00faa inhibiendo los amino\u00e1cidos arom\u00e1ticos esenciales en las plantas. Con formulaci\u00f3n de concentrado soluble (SL).<\/p>\n<p><strong class=\"texto-1\">Beneficios<\/strong><\/p>\n<ul>\n<li>Facilidad de manejo en la mezcla (contiene antiespumantes).<\/li>\n<\/ul>\n<p><strong class=\"texto-1\"><br \/>\nRecomendaciones de uso<\/strong><\/p>\n<ul>\n<li>Se recomienda utilizar boquillas de abanico plano (TJ-800050 a TJ-8002).<\/li>\n<li>Para aplicaciones aereas la velocidad del viento debe de ser menor de 5m\/s.<\/li>\n<li>No mezclar, almacenar o aplicar soluciones de este producto en recipientes de acero galvanizado o acero sin revestimiento, excepto acero inoxidable.<\/li>\n<li>Para mayor informaci\u00f3n consultar ficha t\u00e9cnica.<\/li>\n<\/ul>\n<p>&nbsp;<\/p>\n<p><strong>Dosis<\/strong><\/p>\n<ul>\n<li>Para malezas anuales: 1.0 &#8211; 3.0L\/ha o 0.7 &#8211; 2.01L\/mz<\/li>\n<li>Para malezas perennes: 2.0 &#8211; 3.0L\/ha o 1.4 &#8211; 2.1L\/mz<\/li>\n<\/ul>\n","protected":false},"excerpt":{"rendered":"<p>Es un herbicida sist\u00e9mico no selectivo a base de glifosato para el control de un amplio espectro de malezas.<\/p>\n","protected":false},"featured_media":7427,"comment_status":"open","ping_status":"closed","template":"","meta":[],"product_brand":[],"product_cat":[79,96],"product_tag":[],"class_list":{"0":"post-7423","1":"product","2":"type-product","3":"status-publish","4":"has-post-thumbnail","6":"product_cat-proteccion-de-cultivos","7":"product_cat-herbicidas-proteccion-de-cultivos","9":"first","10":"instock","11":"virtual","12":"product-type-simple"},"acf":[],"_links":{"self":[{"href":"https:\/\/developer.wordpress-developer.us\/disagro-cr\/wp-json\/wp\/v2\/product\/7423","targetHints":{"allow":["GET"]}}],"collection":[{"href":"https:\/\/developer.wordpress-developer.us\/disagro-cr\/wp-json\/wp\/v2\/product"}],"about":[{"href":"https:\/\/developer.wordpress-developer.us\/disagro-cr\/wp-json\/wp\/v2\/types\/product"}],"replies":[{"embeddable":true,"href":"https:\/\/developer.wordpress-developer.us\/disagro-cr\/wp-json\/wp\/v2\/comments?post=7423"}],"wp:featuredmedia":[{"embeddable":true,"href":"https:\/\/developer.wordpress-developer.us\/disagro-cr\/wp-json\/wp\/v2\/media\/7427"}],"wp:attachment":[{"href":"https:\/\/developer.wordpress-developer.us\/disagro-cr\/wp-json\/wp\/v2\/media?parent=7423"}],"wp:term":[{"taxonomy":"product_brand","embeddable":true,"href":"https:\/\/developer.wordpress-developer.us\/disagro-cr\/wp-json\/wp\/v2\/product_brand?post=7423"},{"taxonomy":"product_cat","embeddable":true,"href":"https:\/\/developer.wordpress-developer.us\/disagro-cr\/wp-json\/wp\/v2\/product_cat?post=7423"},{"taxonomy":"product_tag","embeddable":true,"href":"https:\/\/developer.wordpress-developer.us\/disagro-cr\/wp-json\/wp\/v2\/product_tag?post=7423"}],"curies":[{"name":"wp","href":"https:\/\/api.w.org\/{rel}","templated":true}]}}