{"id":7459,"date":"2023-03-17T08:05:46","date_gmt":"2023-03-17T08:05:46","guid":{"rendered":"https:\/\/developer.wordpress-developer.us\/disagro-cr\/?post_type=product&#038;p=7459"},"modified":"2023-03-17T08:09:52","modified_gmt":"2023-03-17T08:09:52","slug":"weed-out","status":"publish","type":"product","link":"https:\/\/developer.wordpress-developer.us\/disagro-cr\/product\/weed-out\/","title":{"rendered":"Weed Out\u00ae"},"content":{"rendered":"<p><strong class=\"texto-1\">Caracter\u00edsticas<\/strong><br \/>\nEs un herbicida de contacto no selectivo a base de glufosinato de amonio 150 g\/L . Con formulaci\u00f3n de concentrado soluble (SL). Pertenece a la familia de los fosf\u00ednicos que act\u00faa inhibiendo la foto respiraci\u00f3n y los amino\u00e1cidos histidina y metionina en las malezas.<\/p>\n<p><strong class=\"texto-1\">Beneficios<\/strong><\/p>\n<ul>\n<li>Herbicida no selectivo de amplio espectro.<\/li>\n<li>No tiene acci\u00f3n en ra\u00edces y tallos en las plantas ya emergidas.<\/li>\n<li>Controla malezas resistentes a otras mol\u00e9culas.<\/li>\n<li>Noble con su cultivo.<\/li>\n<\/ul>\n<p><strong class=\"texto-1\"><br \/>\nRecomendaciones de uso<\/strong><\/p>\n<ul>\n<li>Para la preparaci\u00f3n de la mezcla se recomienda utilizar agua con pH 4.<\/li>\n<li>La aplicaci\u00f3n debe ser dirigida a la maleza, se debe evitar la aspersi\u00f3n de los cultivos.<\/li>\n<li>No mezclar con productos de reacci\u00f3n alcalina.<\/li>\n<li>Alta intensidad lum\u00ednica durante y despu\u00e9s de la aplicaci\u00f3n, aumenta su eficiencia.<\/li>\n<li>Si el pH del agua est\u00e1 arriba de 6.5, se recomienda utilizar Disawett\u00ae pH a una dosis de 1 cc\/L de agua.<\/li>\n<li>Para una mejor dispersi\u00f3n y penetraci\u00f3n utilizar Disawett\u00ae Max a una dosis de 0.25 cc\/L.<\/li>\n<li>Para mayor informaci\u00f3n consultar ficha t\u00e9cnica.<\/li>\n<\/ul>\n<p>&nbsp;<\/p>\n<p><strong>Dosis:<\/strong>\u00a00.8 &#8211; 2.0L\/ha o 0.56 &#8211; 1.4L\/mz<\/p>\n","protected":false},"excerpt":{"rendered":"<p>Es un herbicida de contacto no selectivo a base de glufosinato de amonio para el control de un amplio espectro de malezas.<\/p>\n","protected":false},"featured_media":7468,"comment_status":"open","ping_status":"closed","template":"","meta":[],"product_brand":[],"product_cat":[79,96],"product_tag":[],"class_list":{"0":"post-7459","1":"product","2":"type-product","3":"status-publish","4":"has-post-thumbnail","6":"product_cat-proteccion-de-cultivos","7":"product_cat-herbicidas-proteccion-de-cultivos","9":"first","10":"instock","11":"virtual","12":"product-type-simple"},"acf":[],"_links":{"self":[{"href":"https:\/\/developer.wordpress-developer.us\/disagro-cr\/wp-json\/wp\/v2\/product\/7459","targetHints":{"allow":["GET"]}}],"collection":[{"href":"https:\/\/developer.wordpress-developer.us\/disagro-cr\/wp-json\/wp\/v2\/product"}],"about":[{"href":"https:\/\/developer.wordpress-developer.us\/disagro-cr\/wp-json\/wp\/v2\/types\/product"}],"replies":[{"embeddable":true,"href":"https:\/\/developer.wordpress-developer.us\/disagro-cr\/wp-json\/wp\/v2\/comments?post=7459"}],"wp:featuredmedia":[{"embeddable":true,"href":"https:\/\/developer.wordpress-developer.us\/disagro-cr\/wp-json\/wp\/v2\/media\/7468"}],"wp:attachment":[{"href":"https:\/\/developer.wordpress-developer.us\/disagro-cr\/wp-json\/wp\/v2\/media?parent=7459"}],"wp:term":[{"taxonomy":"product_brand","embeddable":true,"href":"https:\/\/developer.wordpress-developer.us\/disagro-cr\/wp-json\/wp\/v2\/product_brand?post=7459"},{"taxonomy":"product_cat","embeddable":true,"href":"https:\/\/developer.wordpress-developer.us\/disagro-cr\/wp-json\/wp\/v2\/product_cat?post=7459"},{"taxonomy":"product_tag","embeddable":true,"href":"https:\/\/developer.wordpress-developer.us\/disagro-cr\/wp-json\/wp\/v2\/product_tag?post=7459"}],"curies":[{"name":"wp","href":"https:\/\/api.w.org\/{rel}","templated":true}]}}